{"id":51,"date":"2017-05-15T14:29:35","date_gmt":"2017-05-15T14:29:35","guid":{"rendered":"http:\/\/wareplace.com\/?page_id=51\/"},"modified":"2017-05-16T12:20:21","modified_gmt":"2017-05-16T12:20:21","slug":"faq","status":"publish","type":"page","link":"https:\/\/wareplace.com\/it\/faq\/","title":{"rendered":"FAQ"},"content":{"rendered":"<p>Perch\u00e8 \u00e8 necessario uno strumento di qualit\u00e0 dati?<\/p>\n<p>In qualsiasi settore di attivit\u00e0, i dati relativi ad un soggetto vengono compilati a mano o dettati a voce; queste modalit\u00e0 comportano notevoli errori sia in fase di scrittura sia in fase di lettura ottica\/digitazione. Inoltre \u00e8 possibile che uno stesso soggetto fornisca i propri dati in momenti diversi, con conseguente duplicazione delle informazioni e dei relativi costi di gestione (ad esempio, spese postali per l&#8217; invio di pi\u00f9 copie al medesimo soggetto).<\/p>\n<p>Tutti questi inconvenienti possono essere ovviati attraverso uno strumento di normalizzazione, certificazione e deduplica dei dati.<br \/>\nI benefici di tale trattamento sono diversi:<\/p>\n<p><strong>&#8211; aumento della qualit\u00e0 dati del database aziendale.<\/strong><\/p>\n<p><strong>&#8211; maggiore recapitabilit\u00e0 degli indirizzi.<\/strong><\/p>\n<p><strong>&#8211; drastica riduzione dei costi e dei ritorni postali.<\/strong><\/p>\n<p><strong>&#8211; consolidamento dell&#8217; immagine aziendale presso la clientela, con eliminazione del rischio che l&#8217; effetto positivo di una lettera accattivante venga compromesso da dati anagrafici errati (ad esempio, Gent.ma Sig.ra Giorgio, solo per un&#8217; errata trascrizione del sesso).<\/strong><\/p>\n<p><strong>&#8211; cancellazione della possibilit\u00e0 di proporre allo stesso soggetto condizioni migliori di quelle gi\u00e0 applicate, solo per il fatto di non averlo identificato come cliente gi\u00e0 acquisito.<\/strong><\/p>\n<p>Insomma, pu\u00f2 bastare un&#8217;informazione errata, incompleta o duplicata per mettere in discussione la credibilit\u00e0 di qualsiasi azienda, creando ovviamente un danno economico consistente.<\/p>\n<p>Se hai altre domande o curiosit\u00e0\u00a0<a href=\"http:\/\/wareplace.com\/it\/contattaci\/\">contattaci<\/a><\/p>\n","protected":false},"excerpt":{"rendered":"<p>Perch\u00e8 \u00e8 necessario uno strumento di qualit\u00e0 dati? In qualsiasi settore di attivit\u00e0, i dati relativi ad un soggetto vengono compilati a mano o dettati a voce; queste modalit\u00e0 comportano notevoli errori sia in fase di scrittura sia in fase di lettura ottica\/digitazione. Inoltre \u00e8 possibile che uno stesso soggetto fornisca i propri dati in [&hellip;]<\/p>\n","protected":false},"author":2,"featured_media":0,"parent":0,"menu_order":0,"comment_status":"closed","ping_status":"closed","template":"","meta":{"footnotes":""},"yoast_head":"<!-- This site is optimized with the Yoast SEO plugin v22.6 - https:\/\/yoast.com\/wordpress\/plugins\/seo\/ -->\n<title>FAQ - Wareplace<\/title>\n<meta name=\"robots\" content=\"index, follow, max-snippet:-1, max-image-preview:large, max-video-preview:-1\" \/>\n<link rel=\"canonical\" href=\"https:\/\/wareplace.com\/it\/faq\/\" \/>\n<meta property=\"og:locale\" content=\"it_IT\" \/>\n<meta property=\"og:type\" content=\"article\" \/>\n<meta property=\"og:title\" content=\"FAQ - Wareplace\" \/>\n<meta property=\"og:description\" content=\"Perch\u00e8 \u00e8 necessario uno strumento di qualit\u00e0 dati? In qualsiasi settore di attivit\u00e0, i dati relativi ad un soggetto vengono compilati a mano o dettati a voce; queste modalit\u00e0 comportano notevoli errori sia in fase di scrittura sia in fase di lettura ottica\/digitazione. Inoltre \u00e8 possibile che uno stesso soggetto fornisca i propri dati in [&hellip;]\" \/>\n<meta property=\"og:url\" content=\"https:\/\/wareplace.com\/it\/faq\/\" \/>\n<meta property=\"og:site_name\" content=\"Wareplace\" \/>\n<meta property=\"article:modified_time\" content=\"2017-05-16T12:20:21+00:00\" \/>\n<meta name=\"twitter:card\" content=\"summary_large_image\" \/>\n<meta name=\"twitter:label1\" content=\"Tempo di lettura stimato\" \/>\n\t<meta name=\"twitter:data1\" content=\"1 minuto\" \/>\n<script type=\"application\/ld+json\" class=\"yoast-schema-graph\">{\"@context\":\"https:\/\/schema.org\",\"@graph\":[{\"@type\":\"WebPage\",\"@id\":\"https:\/\/wareplace.com\/it\/faq\/\",\"url\":\"https:\/\/wareplace.com\/it\/faq\/\",\"name\":\"FAQ - Wareplace\",\"isPartOf\":{\"@id\":\"https:\/\/wareplace.com\/#website\"},\"datePublished\":\"2017-05-15T14:29:35+00:00\",\"dateModified\":\"2017-05-16T12:20:21+00:00\",\"breadcrumb\":{\"@id\":\"https:\/\/wareplace.com\/it\/faq\/#breadcrumb\"},\"inLanguage\":\"it-IT\",\"potentialAction\":[{\"@type\":\"ReadAction\",\"target\":[\"https:\/\/wareplace.com\/it\/faq\/\"]}]},{\"@type\":\"BreadcrumbList\",\"@id\":\"https:\/\/wareplace.com\/it\/faq\/#breadcrumb\",\"itemListElement\":[{\"@type\":\"ListItem\",\"position\":1,\"name\":\"Home\",\"item\":\"https:\/\/wareplace.com\/it\/\"},{\"@type\":\"ListItem\",\"position\":2,\"name\":\"FAQ\"}]},{\"@type\":\"WebSite\",\"@id\":\"https:\/\/wareplace.com\/#website\",\"url\":\"https:\/\/wareplace.com\/\",\"name\":\"Wareplace\",\"description\":\"Wareplace\",\"potentialAction\":[{\"@type\":\"SearchAction\",\"target\":{\"@type\":\"EntryPoint\",\"urlTemplate\":\"https:\/\/wareplace.com\/?s={search_term_string}\"},\"query-input\":\"required name=search_term_string\"}],\"inLanguage\":\"it-IT\"}]}<\/script>\n<!-- \/ Yoast SEO plugin. -->","yoast_head_json":{"title":"FAQ - Wareplace","robots":{"index":"index","follow":"follow","max-snippet":"max-snippet:-1","max-image-preview":"max-image-preview:large","max-video-preview":"max-video-preview:-1"},"canonical":"https:\/\/wareplace.com\/it\/faq\/","og_locale":"it_IT","og_type":"article","og_title":"FAQ - Wareplace","og_description":"Perch\u00e8 \u00e8 necessario uno strumento di qualit\u00e0 dati? In qualsiasi settore di attivit\u00e0, i dati relativi ad un soggetto vengono compilati a mano o dettati a voce; queste modalit\u00e0 comportano notevoli errori sia in fase di scrittura sia in fase di lettura ottica\/digitazione. Inoltre \u00e8 possibile che uno stesso soggetto fornisca i propri dati in [&hellip;]","og_url":"https:\/\/wareplace.com\/it\/faq\/","og_site_name":"Wareplace","article_modified_time":"2017-05-16T12:20:21+00:00","twitter_card":"summary_large_image","twitter_misc":{"Tempo di lettura stimato":"1 minuto"},"schema":{"@context":"https:\/\/schema.org","@graph":[{"@type":"WebPage","@id":"https:\/\/wareplace.com\/it\/faq\/","url":"https:\/\/wareplace.com\/it\/faq\/","name":"FAQ - Wareplace","isPartOf":{"@id":"https:\/\/wareplace.com\/#website"},"datePublished":"2017-05-15T14:29:35+00:00","dateModified":"2017-05-16T12:20:21+00:00","breadcrumb":{"@id":"https:\/\/wareplace.com\/it\/faq\/#breadcrumb"},"inLanguage":"it-IT","potentialAction":[{"@type":"ReadAction","target":["https:\/\/wareplace.com\/it\/faq\/"]}]},{"@type":"BreadcrumbList","@id":"https:\/\/wareplace.com\/it\/faq\/#breadcrumb","itemListElement":[{"@type":"ListItem","position":1,"name":"Home","item":"https:\/\/wareplace.com\/it\/"},{"@type":"ListItem","position":2,"name":"FAQ"}]},{"@type":"WebSite","@id":"https:\/\/wareplace.com\/#website","url":"https:\/\/wareplace.com\/","name":"Wareplace","description":"Wareplace","potentialAction":[{"@type":"SearchAction","target":{"@type":"EntryPoint","urlTemplate":"https:\/\/wareplace.com\/?s={search_term_string}"},"query-input":"required name=search_term_string"}],"inLanguage":"it-IT"}]}},"_links":{"self":[{"href":"https:\/\/wareplace.com\/it\/wp-json\/wp\/v2\/pages\/51"}],"collection":[{"href":"https:\/\/wareplace.com\/it\/wp-json\/wp\/v2\/pages"}],"about":[{"href":"https:\/\/wareplace.com\/it\/wp-json\/wp\/v2\/types\/page"}],"author":[{"embeddable":true,"href":"https:\/\/wareplace.com\/it\/wp-json\/wp\/v2\/users\/2"}],"replies":[{"embeddable":true,"href":"https:\/\/wareplace.com\/it\/wp-json\/wp\/v2\/comments?post=51"}],"version-history":[{"count":4,"href":"https:\/\/wareplace.com\/it\/wp-json\/wp\/v2\/pages\/51\/revisions"}],"predecessor-version":[{"id":130,"href":"https:\/\/wareplace.com\/it\/wp-json\/wp\/v2\/pages\/51\/revisions\/130"}],"wp:attachment":[{"href":"https:\/\/wareplace.com\/it\/wp-json\/wp\/v2\/media?parent=51"}],"curies":[{"name":"wp","href":"https:\/\/api.w.org\/{rel}","templated":true}]}}