{"id":38,"date":"2017-05-15T14:25:46","date_gmt":"2017-05-15T14:25:46","guid":{"rendered":"http:\/\/wareplace.com\/?page_id=38\/"},"modified":"2017-05-16T21:26:09","modified_gmt":"2017-05-16T21:26:09","slug":"prodotti","status":"publish","type":"page","link":"https:\/\/wareplace.com\/it\/prodotti\/","title":{"rendered":"Prodotti"},"content":{"rendered":"[vc_row][vc_column][vc_column_text]\n<h2>E-GON:<\/h2>\n<p><img decoding=\"async\" class=\"size-medium wp-image-106 alignright\" src=\"http:\/\/wareplace.com\/wp-content\/uploads\/2017\/05\/egon-data-quality-300x279.png\" alt=\"\" width=\"300\" height=\"279\" srcset=\"https:\/\/wareplace.com\/wp-content\/uploads\/2017\/05\/egon-data-quality-300x279.png 300w, https:\/\/wareplace.com\/wp-content\/uploads\/2017\/05\/egon-data-quality.png 534w\" sizes=\"(max-width: 300px) 100vw, 300px\" \/>E&#8217; il prodotto che gestisce a 360 la qualit\u00e0 delle vostre informazioni di business.<\/p>\n<p>E-gon permette di normalizzare automaticamente i vostri dati anagrafici, eliminando gli errori, completando le informazioni parziali o mancanti ed evitando l&#8217; inserimento di nuovi errori nel database.<\/p>\n<p>E-gon permette inoltre di verificare e certificare l&#8217; univocit\u00e0 delle informazioni, attraverso un processo completo e sofisticato di deduplica. Normalizzazione e deduplica hanno proprio l&#8217; obiettivo di garantire un elevato livello di qualit\u00e0 dati all&#8217; interno del vostro database.<\/p>\n<p class=\"box-info\" style=\"clear: right;\"><a class=\"c-button c-button__ico c-button__ico--start fa fa-hand-o-right\" href=\"http:\/\/www.egon.com\/it\/\"> SCOPRI EGON ADESSO<\/a>\n<p>Grazie alla sua struttura internazionale, e-gon \u00e8 in grado di normalizzare anagrafiche di diversi paesi sia europei che sudamericani. E&#8217; infatti possibile racchiudere in un unico database e in un&#8217; unica funzione il trattamento anagrafico di paesi diversi, a seconda delle esigenze. Sfruttando al meglio i benefici della modularit\u00e0, e-gon prevede sia moduli generali, validi per tutti i paesi, sia moduli specifici per gestire le peculiarit\u00e0 urbanistiche di ciascun paese.<\/p>\n<h2>BANK-PLACE:<\/h2>\n<p>Le informazioni necessarie alla realizzazione di una piazzatura bancaria provengono da fonti e strutture differenti e sono talvolta limitate alla singola procedura applicativa (bonifici, portafoglio, estero, etc.). Gli strumenti oggi in uso sono costruiti &#8216; ad hoc&#8217; sulla singola problematica, con conseguente duplicazione di software e dati, ma soprattutto con scarsa flessibilit\u00e0 per far fronte alle variazioni che, sempre pi\u00f9 frequentemente, interessano il settore bancario(fusioni, acquisizioni, modifiche procedurali e normative, etc.). Bank-Place si pone come unico strumento di raccolta e aggiornamento delle informazioni bancarie, in grado di realizzare qualsiasi tipo di piazzatura elettronica e cartacea.<\/p>\n<p>Anche al di fuori dell&#8217; ambito strettamente bancario, Bank-Place ha una funzione sia di controllo delle coordinate finanziarie (ormai all&#8217; ordine del giorno per qualsiasi azienda), sia di supporto alla loro digitazione (libro banche elettronico). Qualora una Banca o uno sportello siano stati oggetto di fusione o acquisizione, Bank-Place consente di proporre le nuove coordinate.<\/p>\n<h2>SWIFT-PLACE:<\/h2>\n<p>Spesso le operazioni che una banca effettua con l&#8217; estero, siano esse in arrivo o in partenza, sono soggette a una forte componente di lavoro manuale, in quanto i dati sono frequentemente destrutturati e parziali.<\/p>\n<p>Swift-Place \u00e8 il prodotto in grado di trattare i dati delle operazioni bancarie estere sia in partenza sia in arrivo. Vengono inoltre gestite le codifiche definite dalle principali reti istituzionali (SWIFT, IBAN, etc.). E&#8217; prevista la gestione, per le operazioni verso l&#8217; estero, delle procedure di inoltro attraverso le banche convenzionate e, per le operazioni provenienti dall&#8217; estero, delle problematiche legate all&#8217; interpretazione e validazione delle informazioni presenti all&#8217; interno dei messaggi.<\/p>\n<h2>E-GON SERVICE<\/h2>\n<p>Un database clienti, per essere davvero efficace e diventare un vero strumento di lavoro, presuppone un&#8217; attivit\u00e0 di normalizzazione dei dati. Spesso, per\u00f2, l&#8217; acquisizione di un prodotto di gestione della qualit\u00e0 dati risulta problematica e richiede consistenti risorse umane e finanziarie.<\/p>\n<p>E-GON Service nasce proprio con l&#8217;obiettivo di garantire la correttezza e univocit\u00e0 di tutte le informazioni del vostro database a costi limitati e senza alcun impatto organizzativo interno.<\/p>\n<p>Ware Place mette a vostra disposizione un servizio di normalizzazione efficace, in grado di correggere automaticamente i vostri dati anagrafici, evitando l&#8217; inserimento di errori o duplicazioni nel database.<\/p>\n<p>E-GON Service effettua inoltre la normalizzazione postale degli indirizzi, a vantaggio di una maggiore e pi\u00f9 veloce recapitabilit\u00e0.[\/vc_column_text][\/vc_column][\/vc_row]\n","protected":false},"excerpt":{"rendered":"<p>[vc_row][vc_column][vc_column_text] E-GON: E&#8217; il prodotto che gestisce a 360 la qualit\u00e0 delle vostre informazioni di business. E-gon permette di normalizzare automaticamente i vostri dati anagrafici, eliminando gli errori, completando le informazioni parziali o mancanti ed evitando l&#8217; inserimento di nuovi errori nel database. E-gon permette inoltre di verificare e certificare l&#8217; univocit\u00e0 delle informazioni, attraverso [&hellip;]<\/p>\n","protected":false},"author":2,"featured_media":0,"parent":0,"menu_order":0,"comment_status":"closed","ping_status":"closed","template":"","meta":{"footnotes":""},"yoast_head":"<!-- This site is optimized with the Yoast SEO plugin v22.6 - https:\/\/yoast.com\/wordpress\/plugins\/seo\/ -->\n<title>Prodotti normalizzazione - Wareplace SRL<\/title>\n<meta name=\"robots\" content=\"index, follow, max-snippet:-1, max-image-preview:large, max-video-preview:-1\" \/>\n<link rel=\"canonical\" href=\"https:\/\/wareplace.com\/it\/prodotti\/\" \/>\n<meta property=\"og:locale\" content=\"it_IT\" \/>\n<meta property=\"og:type\" content=\"article\" \/>\n<meta property=\"og:title\" content=\"Prodotti normalizzazione - Wareplace SRL\" \/>\n<meta property=\"og:description\" content=\"[vc_row][vc_column][vc_column_text] E-GON: E&#8217; il prodotto che gestisce a 360 la qualit\u00e0 delle vostre informazioni di business. E-gon permette di normalizzare automaticamente i vostri dati anagrafici, eliminando gli errori, completando le informazioni parziali o mancanti ed evitando l&#8217; inserimento di nuovi errori nel database. E-gon permette inoltre di verificare e certificare l&#8217; univocit\u00e0 delle informazioni, attraverso [&hellip;]\" \/>\n<meta property=\"og:url\" content=\"https:\/\/wareplace.com\/it\/prodotti\/\" \/>\n<meta property=\"og:site_name\" content=\"Wareplace\" \/>\n<meta property=\"article:modified_time\" content=\"2017-05-16T21:26:09+00:00\" \/>\n<meta property=\"og:image\" content=\"http:\/\/wareplace.com\/wp-content\/uploads\/2017\/05\/egon-data-quality-300x279.png\" \/>\n<meta name=\"twitter:card\" content=\"summary_large_image\" \/>\n<meta name=\"twitter:label1\" content=\"Tempo di lettura stimato\" \/>\n\t<meta name=\"twitter:data1\" content=\"3 minuti\" \/>\n<script type=\"application\/ld+json\" class=\"yoast-schema-graph\">{\"@context\":\"https:\/\/schema.org\",\"@graph\":[{\"@type\":\"WebPage\",\"@id\":\"https:\/\/wareplace.com\/it\/prodotti\/\",\"url\":\"https:\/\/wareplace.com\/it\/prodotti\/\",\"name\":\"Prodotti normalizzazione - Wareplace SRL\",\"isPartOf\":{\"@id\":\"https:\/\/wareplace.com\/#website\"},\"primaryImageOfPage\":{\"@id\":\"https:\/\/wareplace.com\/it\/prodotti\/#primaryimage\"},\"image\":{\"@id\":\"https:\/\/wareplace.com\/it\/prodotti\/#primaryimage\"},\"thumbnailUrl\":\"http:\/\/wareplace.com\/wp-content\/uploads\/2017\/05\/egon-data-quality-300x279.png\",\"datePublished\":\"2017-05-15T14:25:46+00:00\",\"dateModified\":\"2017-05-16T21:26:09+00:00\",\"breadcrumb\":{\"@id\":\"https:\/\/wareplace.com\/it\/prodotti\/#breadcrumb\"},\"inLanguage\":\"it-IT\",\"potentialAction\":[{\"@type\":\"ReadAction\",\"target\":[\"https:\/\/wareplace.com\/it\/prodotti\/\"]}]},{\"@type\":\"ImageObject\",\"inLanguage\":\"it-IT\",\"@id\":\"https:\/\/wareplace.com\/it\/prodotti\/#primaryimage\",\"url\":\"http:\/\/wareplace.com\/wp-content\/uploads\/2017\/05\/egon-data-quality-300x279.png\",\"contentUrl\":\"http:\/\/wareplace.com\/wp-content\/uploads\/2017\/05\/egon-data-quality-300x279.png\"},{\"@type\":\"BreadcrumbList\",\"@id\":\"https:\/\/wareplace.com\/it\/prodotti\/#breadcrumb\",\"itemListElement\":[{\"@type\":\"ListItem\",\"position\":1,\"name\":\"Home\",\"item\":\"https:\/\/wareplace.com\/it\/\"},{\"@type\":\"ListItem\",\"position\":2,\"name\":\"Prodotti\"}]},{\"@type\":\"WebSite\",\"@id\":\"https:\/\/wareplace.com\/#website\",\"url\":\"https:\/\/wareplace.com\/\",\"name\":\"Wareplace\",\"description\":\"Wareplace\",\"potentialAction\":[{\"@type\":\"SearchAction\",\"target\":{\"@type\":\"EntryPoint\",\"urlTemplate\":\"https:\/\/wareplace.com\/?s={search_term_string}\"},\"query-input\":\"required name=search_term_string\"}],\"inLanguage\":\"it-IT\"}]}<\/script>\n<!-- \/ Yoast SEO plugin. -->","yoast_head_json":{"title":"Prodotti normalizzazione - Wareplace SRL","robots":{"index":"index","follow":"follow","max-snippet":"max-snippet:-1","max-image-preview":"max-image-preview:large","max-video-preview":"max-video-preview:-1"},"canonical":"https:\/\/wareplace.com\/it\/prodotti\/","og_locale":"it_IT","og_type":"article","og_title":"Prodotti normalizzazione - Wareplace SRL","og_description":"[vc_row][vc_column][vc_column_text] E-GON: E&#8217; il prodotto che gestisce a 360 la qualit\u00e0 delle vostre informazioni di business. E-gon permette di normalizzare automaticamente i vostri dati anagrafici, eliminando gli errori, completando le informazioni parziali o mancanti ed evitando l&#8217; inserimento di nuovi errori nel database. E-gon permette inoltre di verificare e certificare l&#8217; univocit\u00e0 delle informazioni, attraverso [&hellip;]","og_url":"https:\/\/wareplace.com\/it\/prodotti\/","og_site_name":"Wareplace","article_modified_time":"2017-05-16T21:26:09+00:00","og_image":[{"url":"http:\/\/wareplace.com\/wp-content\/uploads\/2017\/05\/egon-data-quality-300x279.png"}],"twitter_card":"summary_large_image","twitter_misc":{"Tempo di lettura stimato":"3 minuti"},"schema":{"@context":"https:\/\/schema.org","@graph":[{"@type":"WebPage","@id":"https:\/\/wareplace.com\/it\/prodotti\/","url":"https:\/\/wareplace.com\/it\/prodotti\/","name":"Prodotti normalizzazione - Wareplace SRL","isPartOf":{"@id":"https:\/\/wareplace.com\/#website"},"primaryImageOfPage":{"@id":"https:\/\/wareplace.com\/it\/prodotti\/#primaryimage"},"image":{"@id":"https:\/\/wareplace.com\/it\/prodotti\/#primaryimage"},"thumbnailUrl":"http:\/\/wareplace.com\/wp-content\/uploads\/2017\/05\/egon-data-quality-300x279.png","datePublished":"2017-05-15T14:25:46+00:00","dateModified":"2017-05-16T21:26:09+00:00","breadcrumb":{"@id":"https:\/\/wareplace.com\/it\/prodotti\/#breadcrumb"},"inLanguage":"it-IT","potentialAction":[{"@type":"ReadAction","target":["https:\/\/wareplace.com\/it\/prodotti\/"]}]},{"@type":"ImageObject","inLanguage":"it-IT","@id":"https:\/\/wareplace.com\/it\/prodotti\/#primaryimage","url":"http:\/\/wareplace.com\/wp-content\/uploads\/2017\/05\/egon-data-quality-300x279.png","contentUrl":"http:\/\/wareplace.com\/wp-content\/uploads\/2017\/05\/egon-data-quality-300x279.png"},{"@type":"BreadcrumbList","@id":"https:\/\/wareplace.com\/it\/prodotti\/#breadcrumb","itemListElement":[{"@type":"ListItem","position":1,"name":"Home","item":"https:\/\/wareplace.com\/it\/"},{"@type":"ListItem","position":2,"name":"Prodotti"}]},{"@type":"WebSite","@id":"https:\/\/wareplace.com\/#website","url":"https:\/\/wareplace.com\/","name":"Wareplace","description":"Wareplace","potentialAction":[{"@type":"SearchAction","target":{"@type":"EntryPoint","urlTemplate":"https:\/\/wareplace.com\/?s={search_term_string}"},"query-input":"required name=search_term_string"}],"inLanguage":"it-IT"}]}},"_links":{"self":[{"href":"https:\/\/wareplace.com\/it\/wp-json\/wp\/v2\/pages\/38"}],"collection":[{"href":"https:\/\/wareplace.com\/it\/wp-json\/wp\/v2\/pages"}],"about":[{"href":"https:\/\/wareplace.com\/it\/wp-json\/wp\/v2\/types\/page"}],"author":[{"embeddable":true,"href":"https:\/\/wareplace.com\/it\/wp-json\/wp\/v2\/users\/2"}],"replies":[{"embeddable":true,"href":"https:\/\/wareplace.com\/it\/wp-json\/wp\/v2\/comments?post=38"}],"version-history":[{"count":7,"href":"https:\/\/wareplace.com\/it\/wp-json\/wp\/v2\/pages\/38\/revisions"}],"predecessor-version":[{"id":236,"href":"https:\/\/wareplace.com\/it\/wp-json\/wp\/v2\/pages\/38\/revisions\/236"}],"wp:attachment":[{"href":"https:\/\/wareplace.com\/it\/wp-json\/wp\/v2\/media?parent=38"}],"curies":[{"name":"wp","href":"https:\/\/api.w.org\/{rel}","templated":true}]}}