{"id":33,"date":"2017-05-15T14:22:50","date_gmt":"2017-05-15T14:22:50","guid":{"rendered":"http:\/\/wareplace.com\/?page_id=33\/"},"modified":"2017-05-16T13:50:32","modified_gmt":"2017-05-16T13:50:32","slug":"azienda","status":"publish","type":"page","link":"https:\/\/wareplace.com\/it\/azienda\/","title":{"rendered":"L&#8217;azienda"},"content":{"rendered":"<p><img decoding=\"async\" class=\"size-medium wp-image-101 alignleft\" src=\"http:\/\/wareplace.com\/wp-content\/uploads\/2017\/05\/about-us-300x243.jpg\" alt=\"wareplace indirizzi\" width=\"300\" height=\"243\" srcset=\"https:\/\/wareplace.com\/wp-content\/uploads\/2017\/05\/about-us-300x243.jpg 300w, https:\/\/wareplace.com\/wp-content\/uploads\/2017\/05\/about-us.jpg 385w\" sizes=\"(max-width: 300px) 100vw, 300px\" \/><\/p>\n<p>Ware Place \u00e8 organizzata in diverse aree sinergiche:<\/p>\n<p><strong>AREA PRODOTTI<\/strong>: realizza prodotti applicativi di alta qualit\u00e0 e affidabilit\u00e0, in grado di rispondere alle esigenze pi\u00f9 specifiche e articolate.<\/p>\n<p><strong>AREA SERVIZI<\/strong>: realizza attivit\u00e0 di outsourcing per offrire alla clientela un servizio rapido ed efficace.<\/p>\n<p><strong>AREA PROGETTUALE<\/strong>: \u00e8 in grado di operare su progetti di elevata complessit\u00e0 e durata, utilizzando metodologie consolidate.<\/p>\n<p><strong>AREA ASSISTENZA<\/strong>: clienti e partner possono contare su un team di specialisti dedicati all&#8217; assistenza tecnica e funzionale.<\/p>\n<p><strong>AREA COMMERCIALE<\/strong>: grazie alle numerose partnership, la nostra societ\u00e0 pu\u00f2 contare su una rete commerciale capillare e qualificata.<\/p>\n<p><strong>AREA MARKETING<\/strong>: ha l&#8217; obiettivo di creare messaggi forti e distintivi per allargare la conoscenza dei nostri marchi.<\/p>\n<p><strong>AREA BASE DATI<\/strong>: si occupa del costante aggiornamento e arricchimento delle informazioni legate all&#8217; anagrafica e al territorio.<\/p>\n<p><strong>AREA RICERCA<\/strong>: guarda costantemente al futuro, sia sperimentando nuove tecnologie sia ricercando soluzioni sempre pi\u00f9 sofisticate, necessarie per affrontare le nuove esigenze di mercato.<\/p>\n","protected":false},"excerpt":{"rendered":"<p>Ware Place \u00e8 organizzata in diverse aree sinergiche: AREA PRODOTTI: realizza prodotti applicativi di alta qualit\u00e0 e affidabilit\u00e0, in grado di rispondere alle esigenze pi\u00f9 specifiche e articolate. AREA SERVIZI: realizza attivit\u00e0 di outsourcing per offrire alla clientela un servizio rapido ed efficace. AREA PROGETTUALE: \u00e8 in grado di operare su progetti di elevata complessit\u00e0 [&hellip;]<\/p>\n","protected":false},"author":2,"featured_media":0,"parent":0,"menu_order":0,"comment_status":"closed","ping_status":"closed","template":"","meta":{"footnotes":""},"yoast_head":"<!-- This site is optimized with the Yoast SEO plugin v22.6 - https:\/\/yoast.com\/wordpress\/plugins\/seo\/ -->\n<title>Wareplace \u00e8 la societ\u00e0 che, grazie alla passione per indirizzi valorizzazione delle informazioni di business, ha dato vita alla suite Egon<\/title>\n<meta name=\"description\" content=\"Wareplace: un legame indissolubile, una grande passione: gli indirizzi\" \/>\n<meta name=\"robots\" content=\"index, follow, max-snippet:-1, max-image-preview:large, max-video-preview:-1\" \/>\n<link rel=\"canonical\" href=\"https:\/\/wareplace.com\/it\/azienda\/\" \/>\n<meta property=\"og:locale\" content=\"it_IT\" \/>\n<meta property=\"og:type\" content=\"article\" \/>\n<meta property=\"og:title\" content=\"Wareplace \u00e8 la societ\u00e0 che, grazie alla passione per indirizzi valorizzazione delle informazioni di business, ha dato vita alla suite Egon\" \/>\n<meta property=\"og:description\" content=\"Wareplace: un legame indissolubile, una grande passione: gli indirizzi\" \/>\n<meta property=\"og:url\" content=\"https:\/\/wareplace.com\/it\/azienda\/\" \/>\n<meta property=\"og:site_name\" content=\"Wareplace\" \/>\n<meta property=\"article:modified_time\" content=\"2017-05-16T13:50:32+00:00\" \/>\n<meta property=\"og:image\" content=\"http:\/\/wareplace.com\/wp-content\/uploads\/2017\/05\/about-us-300x243.jpg\" \/>\n<meta name=\"twitter:card\" content=\"summary_large_image\" \/>\n<meta name=\"twitter:label1\" content=\"Tempo di lettura stimato\" \/>\n\t<meta name=\"twitter:data1\" content=\"1 minuto\" \/>\n<script type=\"application\/ld+json\" class=\"yoast-schema-graph\">{\"@context\":\"https:\/\/schema.org\",\"@graph\":[{\"@type\":\"WebPage\",\"@id\":\"https:\/\/wareplace.com\/it\/azienda\/\",\"url\":\"https:\/\/wareplace.com\/it\/azienda\/\",\"name\":\"Wareplace \u00e8 la societ\u00e0 che, grazie alla passione per indirizzi valorizzazione delle informazioni di business, ha dato vita alla suite Egon\",\"isPartOf\":{\"@id\":\"https:\/\/wareplace.com\/#website\"},\"primaryImageOfPage\":{\"@id\":\"https:\/\/wareplace.com\/it\/azienda\/#primaryimage\"},\"image\":{\"@id\":\"https:\/\/wareplace.com\/it\/azienda\/#primaryimage\"},\"thumbnailUrl\":\"http:\/\/wareplace.com\/wp-content\/uploads\/2017\/05\/about-us-300x243.jpg\",\"datePublished\":\"2017-05-15T14:22:50+00:00\",\"dateModified\":\"2017-05-16T13:50:32+00:00\",\"description\":\"Wareplace: un legame indissolubile, una grande passione: gli indirizzi\",\"breadcrumb\":{\"@id\":\"https:\/\/wareplace.com\/it\/azienda\/#breadcrumb\"},\"inLanguage\":\"it-IT\",\"potentialAction\":[{\"@type\":\"ReadAction\",\"target\":[\"https:\/\/wareplace.com\/it\/azienda\/\"]}]},{\"@type\":\"ImageObject\",\"inLanguage\":\"it-IT\",\"@id\":\"https:\/\/wareplace.com\/it\/azienda\/#primaryimage\",\"url\":\"http:\/\/wareplace.com\/wp-content\/uploads\/2017\/05\/about-us-300x243.jpg\",\"contentUrl\":\"http:\/\/wareplace.com\/wp-content\/uploads\/2017\/05\/about-us-300x243.jpg\"},{\"@type\":\"BreadcrumbList\",\"@id\":\"https:\/\/wareplace.com\/it\/azienda\/#breadcrumb\",\"itemListElement\":[{\"@type\":\"ListItem\",\"position\":1,\"name\":\"Home\",\"item\":\"https:\/\/wareplace.com\/it\/\"},{\"@type\":\"ListItem\",\"position\":2,\"name\":\"L&#8217;azienda\"}]},{\"@type\":\"WebSite\",\"@id\":\"https:\/\/wareplace.com\/#website\",\"url\":\"https:\/\/wareplace.com\/\",\"name\":\"Wareplace\",\"description\":\"Wareplace\",\"potentialAction\":[{\"@type\":\"SearchAction\",\"target\":{\"@type\":\"EntryPoint\",\"urlTemplate\":\"https:\/\/wareplace.com\/?s={search_term_string}\"},\"query-input\":\"required name=search_term_string\"}],\"inLanguage\":\"it-IT\"}]}<\/script>\n<!-- \/ Yoast SEO plugin. -->","yoast_head_json":{"title":"Wareplace \u00e8 la societ\u00e0 che, grazie alla passione per indirizzi valorizzazione delle informazioni di business, ha dato vita alla suite Egon","description":"Wareplace: un legame indissolubile, una grande passione: gli indirizzi","robots":{"index":"index","follow":"follow","max-snippet":"max-snippet:-1","max-image-preview":"max-image-preview:large","max-video-preview":"max-video-preview:-1"},"canonical":"https:\/\/wareplace.com\/it\/azienda\/","og_locale":"it_IT","og_type":"article","og_title":"Wareplace \u00e8 la societ\u00e0 che, grazie alla passione per indirizzi valorizzazione delle informazioni di business, ha dato vita alla suite Egon","og_description":"Wareplace: un legame indissolubile, una grande passione: gli indirizzi","og_url":"https:\/\/wareplace.com\/it\/azienda\/","og_site_name":"Wareplace","article_modified_time":"2017-05-16T13:50:32+00:00","og_image":[{"url":"http:\/\/wareplace.com\/wp-content\/uploads\/2017\/05\/about-us-300x243.jpg"}],"twitter_card":"summary_large_image","twitter_misc":{"Tempo di lettura stimato":"1 minuto"},"schema":{"@context":"https:\/\/schema.org","@graph":[{"@type":"WebPage","@id":"https:\/\/wareplace.com\/it\/azienda\/","url":"https:\/\/wareplace.com\/it\/azienda\/","name":"Wareplace \u00e8 la societ\u00e0 che, grazie alla passione per indirizzi valorizzazione delle informazioni di business, ha dato vita alla suite Egon","isPartOf":{"@id":"https:\/\/wareplace.com\/#website"},"primaryImageOfPage":{"@id":"https:\/\/wareplace.com\/it\/azienda\/#primaryimage"},"image":{"@id":"https:\/\/wareplace.com\/it\/azienda\/#primaryimage"},"thumbnailUrl":"http:\/\/wareplace.com\/wp-content\/uploads\/2017\/05\/about-us-300x243.jpg","datePublished":"2017-05-15T14:22:50+00:00","dateModified":"2017-05-16T13:50:32+00:00","description":"Wareplace: un legame indissolubile, una grande passione: gli indirizzi","breadcrumb":{"@id":"https:\/\/wareplace.com\/it\/azienda\/#breadcrumb"},"inLanguage":"it-IT","potentialAction":[{"@type":"ReadAction","target":["https:\/\/wareplace.com\/it\/azienda\/"]}]},{"@type":"ImageObject","inLanguage":"it-IT","@id":"https:\/\/wareplace.com\/it\/azienda\/#primaryimage","url":"http:\/\/wareplace.com\/wp-content\/uploads\/2017\/05\/about-us-300x243.jpg","contentUrl":"http:\/\/wareplace.com\/wp-content\/uploads\/2017\/05\/about-us-300x243.jpg"},{"@type":"BreadcrumbList","@id":"https:\/\/wareplace.com\/it\/azienda\/#breadcrumb","itemListElement":[{"@type":"ListItem","position":1,"name":"Home","item":"https:\/\/wareplace.com\/it\/"},{"@type":"ListItem","position":2,"name":"L&#8217;azienda"}]},{"@type":"WebSite","@id":"https:\/\/wareplace.com\/#website","url":"https:\/\/wareplace.com\/","name":"Wareplace","description":"Wareplace","potentialAction":[{"@type":"SearchAction","target":{"@type":"EntryPoint","urlTemplate":"https:\/\/wareplace.com\/?s={search_term_string}"},"query-input":"required name=search_term_string"}],"inLanguage":"it-IT"}]}},"_links":{"self":[{"href":"https:\/\/wareplace.com\/it\/wp-json\/wp\/v2\/pages\/33"}],"collection":[{"href":"https:\/\/wareplace.com\/it\/wp-json\/wp\/v2\/pages"}],"about":[{"href":"https:\/\/wareplace.com\/it\/wp-json\/wp\/v2\/types\/page"}],"author":[{"embeddable":true,"href":"https:\/\/wareplace.com\/it\/wp-json\/wp\/v2\/users\/2"}],"replies":[{"embeddable":true,"href":"https:\/\/wareplace.com\/it\/wp-json\/wp\/v2\/comments?post=33"}],"version-history":[{"count":7,"href":"https:\/\/wareplace.com\/it\/wp-json\/wp\/v2\/pages\/33\/revisions"}],"predecessor-version":[{"id":164,"href":"https:\/\/wareplace.com\/it\/wp-json\/wp\/v2\/pages\/33\/revisions\/164"}],"wp:attachment":[{"href":"https:\/\/wareplace.com\/it\/wp-json\/wp\/v2\/media?parent=33"}],"curies":[{"name":"wp","href":"https:\/\/api.w.org\/{rel}","templated":true}]}}