{"id":29,"date":"2017-05-15T13:59:22","date_gmt":"2017-05-15T13:59:22","guid":{"rendered":"http:\/\/wareplace.com\/?page_id=29"},"modified":"2018-03-22T14:22:08","modified_gmt":"2018-03-22T14:22:08","slug":"normalizzazione-e-geocodifica","status":"publish","type":"page","link":"https:\/\/wareplace.com\/it\/","title":{"rendered":"Normalizzazione e Geocodifica"},"content":{"rendered":"[vc_row wrapper=&#8221;true&#8221; holder_set_margin=&#8221;true&#8221; holder_set_padding=&#8221;true&#8221; v_bg=&#8221;yes&#8221; v_hosted=&#8221;183&#8243; holder_margin=&#8221;u-margin-bottom&#8221; holder_padding=&#8221;u-padding-vertical-huge&#8221;][vc_column width=&#8221;1\/2&#8243;]<div class=\"c-heading\"><h3 class=\" u-text-large u-text-color-invert\">Ware Place<\/h3><\/div><div class=\"c-heading\"><h3 class=\" u-text-color-invert u-text-thin\">Data Quality Company<\/h3><\/div>[vc_column_text txt_color=&#8221;u-text-color-invert&#8221;]Specialisti Italiani nella realizzazione di\u00a0applicativi software in grado di automatizzare la validazione\u00a0dei dati personali e degli indirizzi inclusi nei database aziendali.[\/vc_column_text]<a class=\"c-button u-text-bold c-button--right c-button--white  c-button--ghost\" href=\"\/it\/contattaci\/\">Prova i nostri servizi<\/a>[\/vc_column][\/vc_row][vc_row wrapper=&#8221;true&#8221;][vc_column][vc_column_text]Il <strong>gruppo Ware Place<\/strong>\u00a0attraverso vari rami specialistici si occupa di temi differenti relativi alle performance aziendali e alla gestione delle informazioni.<\/p>\n<h3>EGON:\u00a0LE TUE INFORMAZIONI RITROVANO CASA<\/h3>\n[\/vc_column_text][\/vc_column][\/vc_row][vc_row row_v_align=&#8221;grid&#8211;middle&#8221; wrapper=&#8221;true&#8221; holder_set_margin=&#8221;true&#8221; holder_margin=&#8221;u-margin-bottom&#8221;][vc_column width=&#8221;2\/3&#8243; row_width=&#8221;_desktop-8 _lap-12&#8243;][vc_column_text]<img decoding=\"async\" class=\"alignleft wp-image-337 size-medium\" src=\"https:\/\/www.wareplace.com\/wp-content\/uploads\/2017\/05\/egon-wp-300x214.jpg\" alt=\"normalizzazione indirizzi e geocodifica indirizzi postali\" width=\"300\" height=\"214\" \/>Un dato \u00e8 molto pi\u00f9 che una sequenza di lettere e numeri. Un dato \u00e8 informazione ed \u00e8 ci\u00f2 che rende efficiente e competitiva un&#8217;organizzazione. \u00a0Pi\u00f9 l&#8217;informazione viene normalizzata, organizzata ed aggiornata e pi\u00f9 aumenta il suo valore intrinseco. Ware Place ha profondamente compreso la portata e l&#8217;importanza di questa esigenza, facendo della &#8220;qualit\u00e0 dei dati&#8221; la propria missione aziendale.Wareplace ha infatti compiuto fin dall&#8217;inizio una precisa scelta di specializzazione: dare un ordine al patrimonio informativo ancora cos\u00ec poco valorizzato.<\/p>\n<p>Grazie al prodotto di punta, il software <strong>EGON<\/strong>, con grande entusiasmo Wareplace ha elaborato un progetto la cui promessa \u00e8 la seguente:\u00a0<strong>diamo futuro ai tuoi dati!<\/strong>[\/vc_column_text][\/vc_column][vc_column width=&#8221;1\/3&#8243; row_width=&#8221;_desktop-4 _lap-12&#8243;]<a class=\"c-button u-text-bold c-button--center u-margin-bottom u-margin-horizontal c-button--neutral\" href=\"http:\/\/www.egon.com\/it\/iscrizione-demo-it.html\" target=\"_blank\">EGON: SCOPRI SUBITO COME POSSIAMO AIUTARTI!<\/a>[\/vc_column][\/vc_row][vc_row wrapper=&#8221;true&#8221; holder_set_margin=&#8221;true&#8221; holder_set_padding=&#8221;true&#8221; holder_bg_fx=&#8221;u-background-light&#8221; holder_padding=&#8221;u-padding-vertical-large&#8221; holder_margin=&#8221;u-margin-bottom-large&#8221;][vc_column]<div class=\"c-heading\"><h3 class=\" u-h1 u-text-center\">LA QUALITA' DEI DATI E' LA NOSTRA MISSIONE<\/h3><\/div><div class=\"c-heading\"><h3 class=\" u-text-thin u-margin-bottom-large u-text-center\">Perch\u00e8 scegliere Ware Place?<\/h3><\/div>[vc_row_inner holder_set_padding=&#8221;true&#8221; holder_padding=&#8221;u-padding-top&#8221;][vc_column_inner width=&#8221;1\/3&#8243;]<div class=\"c-mediabox\">\n<div class=\" o-media o-media--responsive\">\n<div class=\"o-media__img\">\n<div class=\"ico-wrap ico-wrap--center\"><i class=\"ico ico--xl fa fa-globe\"><\/i><\/div>\n<\/div>\n<div class=\"o-media__body\"><strong class=\"u-font-two\">UN&#8217;AZIENDA GLOBALE<\/strong><\/p>\n<p>Ware Place sviluppa servizi di\u00a0data quality e normalizzazione indirizzi internazionali. Il software Egon, costantemente aggiornato, \u00e8 in grado di operare sugli stradari di oltre 300 paesi in tutto il mondo.<\/p><\/div>\n<\/div>\n<\/div>\n[\/vc_column_inner][vc_column_inner width=&#8221;1\/3&#8243;]<div class=\"c-mediabox\">\n<div class=\" o-media o-media--responsive\">\n<div class=\"o-media__img\">\n<div class=\"ico-wrap ico-wrap--center\"><i class=\"ico ico--xl fa fa-rocket\"><\/i><\/div>\n<\/div>\n<div class=\"o-media__body\"><strong class=\"u-font-two\"> UN&#8217;UNICA SOLUZIONE<\/strong><\/p>\n<p>I nostri servizi sono costruiti con l&#8217;obiettivo\u00a0di garantire l&#8217;amministrazione di tutte le esigenze legate all&#8217;ambito della della <a href=\"http:\/\/www.egon.com\/it\/soluzioni.html\" title=\"validazione dei dati\">validazione e verifica dei dati<\/a>, senza dimenticare la <a href=\"http:\/\/www.egon.com\/it\/soluzioni\/geocodifica.html\" title=\"geocodifica\">geocodifica<\/a>\u00a0e la <a href=\"http:\/\/www.egon.com\/it\/soluzioni\/deduplica.html\" title=\"deduplica\">deduplica<\/a>.<\/div>\n<\/div>\n<\/div>\n[\/vc_column_inner][vc_column_inner width=&#8221;1\/3&#8243;]<div class=\"c-mediabox\">\n<div class=\" o-media o-media--responsive\">\n<div class=\"o-media__img\">\n<div class=\"ico-wrap ico-wrap--center\"><i class=\"ico ico--xl fa fa-bar-chart\"><\/i><\/div>\n<\/div>\n<div class=\"o-media__body\"><strong class=\"u-font-two\"> VELOCITA&#8217; E PERFORMANCE<\/strong><\/p>\n<p>I nostri tool consentono di controllare\u00a0i dati contenuti in database aziendali di qualsiasi dimensione, deduplicarli e validarli. Il tutto nell&#8217;arco di pochi minuti e garantendo risultati di altissima qualit\u00e0.<\/p><\/div>\n<\/div>\n<\/div>\n[\/vc_column_inner][\/vc_row_inner][\/vc_column][\/vc_row][vc_row wrapper=&#8221;true&#8221;][vc_column][\/vc_column][\/vc_row][vc_row row_v_align=&#8221;grid&#8211;middle&#8221; wrapper=&#8221;true&#8221;][vc_column width=&#8221;2\/3&#8243;][vc_column_text]\n<h3>WP ENERGY: ESPERTI ENERGY MANAGER ITALIANI<\/h3>\n[\/vc_column_text][vc_column_text]<img decoding=\"async\" class=\"size-medium wp-image-341 alignleft\" src=\"http:\/\/wareplace.com\/wp-content\/uploads\/2017\/05\/energy-manager-italy-300x200.jpg\" alt=\"Energy Manager Italia\" width=\"300\" height=\"200\" \/>Wp energy \u00e8 punto di riferimento italiano nel settore della consulenza aziendale per la <a href=\"http:\/\/www.wpenergy.it\/servizi-energia\/fornitura-energia-elettrica-gas\/\">Fornitura di energia elettrica e gas<\/a>. Tramite i suoi esperti WP Energy \u00e8 in grado di prendere in carico la situazione di qualsiasi azienda e valutarla dal punto di vista dei consumi energetici. La spesa per i consumi energetici incide spesso in modo decisivo nel bilancio di un&#8217;impresa per cui una consulenza specializzata, libera da pressioni di parte,\u00a0a partire dall&#8217;analisi degli attuali contratti di fornitura, consente nell&#8217;arco di pochi mesi, di poter ridurre in modo impattante le spese.<\/p>\n<p>Anche l&#8217;ambito delle energie rinnovabili offre importnti possibilit\u00e0 di investimento e di guadagno per le imprese, grazie alla riduzione dei costi ma anche agli incentivi.[\/vc_column_text][\/vc_column][vc_column width=&#8221;1\/3&#8243;]<a class=\"c-button c-button--center c-button--primary  c-button--ghost\" href=\"http:\/\/www.wpenergy.it\/contattaci\/\" target=\"_blank\">WP ENERGY: VALUTA LA TUA BOLLETTA E ABBASSA I CONSUMI ENERGETICI!<\/a>[\/vc_column][\/vc_row]\n","protected":false},"excerpt":{"rendered":"<p>[vc_row wrapper=&#8221;true&#8221; holder_set_margin=&#8221;true&#8221; holder_set_padding=&#8221;true&#8221; v_bg=&#8221;yes&#8221; v_hosted=&#8221;183&#8243; holder_margin=&#8221;u-margin-bottom&#8221; holder_padding=&#8221;u-padding-vertical-huge&#8221;][vc_column width=&#8221;1\/2&#8243;][vc_column_text txt_color=&#8221;u-text-color-invert&#8221;]Specialisti Italiani nella realizzazione di\u00a0applicativi software in grado di automatizzare la validazione\u00a0dei dati personali e degli indirizzi inclusi nei database aziendali.[\/vc_column_text][\/vc_column][\/vc_row][vc_row wrapper=&#8221;true&#8221;][vc_column][vc_column_text]Il gruppo Ware Place\u00a0attraverso vari rami specialistici si occupa di temi differenti relativi alle performance aziendali e alla gestione delle informazioni. EGON:\u00a0LE TUE INFORMAZIONI RITROVANO [&hellip;]<\/p>\n","protected":false},"author":2,"featured_media":0,"parent":0,"menu_order":0,"comment_status":"closed","ping_status":"closed","template":"templates\/template-fullwidth.php","meta":{"footnotes":""},"yoast_head":"<!-- This site is optimized with the Yoast SEO plugin v22.6 - https:\/\/yoast.com\/wordpress\/plugins\/seo\/ -->\n<title>Normalizzazione e Geocodifica Indirizzi Postali Online | Ware Place<\/title>\n<meta name=\"description\" content=\"Ware Place attraverso vari rami specialistici si occupa di temi relativi alla normalizzazione e alla geocodifica delle informazioni e degli indirizzi.\" \/>\n<meta name=\"robots\" content=\"index, follow, max-snippet:-1, max-image-preview:large, max-video-preview:-1\" \/>\n<link rel=\"canonical\" href=\"https:\/\/wareplace.com\/it\/\" \/>\n<meta property=\"og:locale\" content=\"it_IT\" \/>\n<meta property=\"og:type\" content=\"article\" \/>\n<meta property=\"og:title\" content=\"Normalizzazione e Geocodifica Indirizzi Postali Online | Ware Place\" \/>\n<meta property=\"og:description\" content=\"Ware Place attraverso vari rami specialistici si occupa di temi relativi alla normalizzazione e alla geocodifica delle informazioni e degli indirizzi.\" \/>\n<meta property=\"og:url\" content=\"https:\/\/wareplace.com\/it\/\" \/>\n<meta property=\"og:site_name\" content=\"Wareplace\" \/>\n<meta property=\"article:modified_time\" content=\"2018-03-22T14:22:08+00:00\" \/>\n<meta property=\"og:image\" content=\"https:\/\/www.wareplace.com\/wp-content\/uploads\/2017\/05\/egon-wp-300x214.jpg\" \/>\n<meta name=\"twitter:card\" content=\"summary_large_image\" \/>\n<meta name=\"twitter:label1\" content=\"Tempo di lettura stimato\" \/>\n\t<meta name=\"twitter:data1\" content=\"4 minuti\" \/>\n<script type=\"application\/ld+json\" class=\"yoast-schema-graph\">{\"@context\":\"https:\/\/schema.org\",\"@graph\":[{\"@type\":\"WebPage\",\"@id\":\"https:\/\/wareplace.com\/it\/\",\"url\":\"https:\/\/wareplace.com\/it\/\",\"name\":\"Normalizzazione e Geocodifica Indirizzi Postali Online | Ware Place\",\"isPartOf\":{\"@id\":\"https:\/\/wareplace.com\/#website\"},\"primaryImageOfPage\":{\"@id\":\"https:\/\/wareplace.com\/it\/#primaryimage\"},\"image\":{\"@id\":\"https:\/\/wareplace.com\/it\/#primaryimage\"},\"thumbnailUrl\":\"https:\/\/www.wareplace.com\/wp-content\/uploads\/2017\/05\/egon-wp-300x214.jpg\",\"datePublished\":\"2017-05-15T13:59:22+00:00\",\"dateModified\":\"2018-03-22T14:22:08+00:00\",\"description\":\"Ware Place attraverso vari rami specialistici si occupa di temi relativi alla normalizzazione e alla geocodifica delle informazioni e degli indirizzi.\",\"breadcrumb\":{\"@id\":\"https:\/\/wareplace.com\/it\/#breadcrumb\"},\"inLanguage\":\"it-IT\",\"potentialAction\":[{\"@type\":\"ReadAction\",\"target\":[\"https:\/\/wareplace.com\/it\/\"]}]},{\"@type\":\"ImageObject\",\"inLanguage\":\"it-IT\",\"@id\":\"https:\/\/wareplace.com\/it\/#primaryimage\",\"url\":\"https:\/\/www.wareplace.com\/wp-content\/uploads\/2017\/05\/egon-wp-300x214.jpg\",\"contentUrl\":\"https:\/\/www.wareplace.com\/wp-content\/uploads\/2017\/05\/egon-wp-300x214.jpg\"},{\"@type\":\"BreadcrumbList\",\"@id\":\"https:\/\/wareplace.com\/it\/#breadcrumb\",\"itemListElement\":[{\"@type\":\"ListItem\",\"position\":1,\"name\":\"Home\",\"item\":\"https:\/\/wareplace.com\/it\/\"},{\"@type\":\"ListItem\",\"position\":2,\"name\":\"Normalizzazione e Geocodifica\"}]},{\"@type\":\"WebSite\",\"@id\":\"https:\/\/wareplace.com\/#website\",\"url\":\"https:\/\/wareplace.com\/\",\"name\":\"Wareplace\",\"description\":\"Wareplace\",\"potentialAction\":[{\"@type\":\"SearchAction\",\"target\":{\"@type\":\"EntryPoint\",\"urlTemplate\":\"https:\/\/wareplace.com\/?s={search_term_string}\"},\"query-input\":\"required name=search_term_string\"}],\"inLanguage\":\"it-IT\"}]}<\/script>\n<!-- \/ Yoast SEO plugin. -->","yoast_head_json":{"title":"Normalizzazione e Geocodifica Indirizzi Postali Online | Ware Place","description":"Ware Place attraverso vari rami specialistici si occupa di temi relativi alla normalizzazione e alla geocodifica delle informazioni e degli indirizzi.","robots":{"index":"index","follow":"follow","max-snippet":"max-snippet:-1","max-image-preview":"max-image-preview:large","max-video-preview":"max-video-preview:-1"},"canonical":"https:\/\/wareplace.com\/it\/","og_locale":"it_IT","og_type":"article","og_title":"Normalizzazione e Geocodifica Indirizzi Postali Online | Ware Place","og_description":"Ware Place attraverso vari rami specialistici si occupa di temi relativi alla normalizzazione e alla geocodifica delle informazioni e degli indirizzi.","og_url":"https:\/\/wareplace.com\/it\/","og_site_name":"Wareplace","article_modified_time":"2018-03-22T14:22:08+00:00","og_image":[{"url":"https:\/\/www.wareplace.com\/wp-content\/uploads\/2017\/05\/egon-wp-300x214.jpg"}],"twitter_card":"summary_large_image","twitter_misc":{"Tempo di lettura stimato":"4 minuti"},"schema":{"@context":"https:\/\/schema.org","@graph":[{"@type":"WebPage","@id":"https:\/\/wareplace.com\/it\/","url":"https:\/\/wareplace.com\/it\/","name":"Normalizzazione e Geocodifica Indirizzi Postali Online | Ware Place","isPartOf":{"@id":"https:\/\/wareplace.com\/#website"},"primaryImageOfPage":{"@id":"https:\/\/wareplace.com\/it\/#primaryimage"},"image":{"@id":"https:\/\/wareplace.com\/it\/#primaryimage"},"thumbnailUrl":"https:\/\/www.wareplace.com\/wp-content\/uploads\/2017\/05\/egon-wp-300x214.jpg","datePublished":"2017-05-15T13:59:22+00:00","dateModified":"2018-03-22T14:22:08+00:00","description":"Ware Place attraverso vari rami specialistici si occupa di temi relativi alla normalizzazione e alla geocodifica delle informazioni e degli indirizzi.","breadcrumb":{"@id":"https:\/\/wareplace.com\/it\/#breadcrumb"},"inLanguage":"it-IT","potentialAction":[{"@type":"ReadAction","target":["https:\/\/wareplace.com\/it\/"]}]},{"@type":"ImageObject","inLanguage":"it-IT","@id":"https:\/\/wareplace.com\/it\/#primaryimage","url":"https:\/\/www.wareplace.com\/wp-content\/uploads\/2017\/05\/egon-wp-300x214.jpg","contentUrl":"https:\/\/www.wareplace.com\/wp-content\/uploads\/2017\/05\/egon-wp-300x214.jpg"},{"@type":"BreadcrumbList","@id":"https:\/\/wareplace.com\/it\/#breadcrumb","itemListElement":[{"@type":"ListItem","position":1,"name":"Home","item":"https:\/\/wareplace.com\/it\/"},{"@type":"ListItem","position":2,"name":"Normalizzazione e Geocodifica"}]},{"@type":"WebSite","@id":"https:\/\/wareplace.com\/#website","url":"https:\/\/wareplace.com\/","name":"Wareplace","description":"Wareplace","potentialAction":[{"@type":"SearchAction","target":{"@type":"EntryPoint","urlTemplate":"https:\/\/wareplace.com\/?s={search_term_string}"},"query-input":"required name=search_term_string"}],"inLanguage":"it-IT"}]}},"_links":{"self":[{"href":"https:\/\/wareplace.com\/it\/wp-json\/wp\/v2\/pages\/29"}],"collection":[{"href":"https:\/\/wareplace.com\/it\/wp-json\/wp\/v2\/pages"}],"about":[{"href":"https:\/\/wareplace.com\/it\/wp-json\/wp\/v2\/types\/page"}],"author":[{"embeddable":true,"href":"https:\/\/wareplace.com\/it\/wp-json\/wp\/v2\/users\/2"}],"replies":[{"embeddable":true,"href":"https:\/\/wareplace.com\/it\/wp-json\/wp\/v2\/comments?post=29"}],"version-history":[{"count":122,"href":"https:\/\/wareplace.com\/it\/wp-json\/wp\/v2\/pages\/29\/revisions"}],"predecessor-version":[{"id":402,"href":"https:\/\/wareplace.com\/it\/wp-json\/wp\/v2\/pages\/29\/revisions\/402"}],"wp:attachment":[{"href":"https:\/\/wareplace.com\/it\/wp-json\/wp\/v2\/media?parent=29"}],"curies":[{"name":"wp","href":"https:\/\/api.w.org\/{rel}","templated":true}]}}